{"id":323,"date":"2019-01-22T21:49:18","date_gmt":"2019-01-22T20:49:18","guid":{"rendered":"https:\/\/www.amalteacultura.com\/cartografiasdelamor\/?page_id=323"},"modified":"2019-07-30T09:27:05","modified_gmt":"2019-07-30T07:27:05","slug":"volumen-2","status":"publish","type":"page","link":"https:\/\/cartografiasdelamor.com\/web\/volumen-2\/","title":{"rendered":"Volumen 2"},"content":{"rendered":"\n<div class=\"wp-block-cover has-background-dim\" style=\"background-image:url(https:\/\/www.amalteacultura.com\/cartografiasdelamor\/wp-content\/uploads\/2019\/07\/vol2.png)\"><div class=\"wp-block-cover__inner-container is-layout-flow wp-block-cover-is-layout-flow\">\n<p style=\"text-align:center\" class=\"has-large-font-size\"><\/p>\n<\/div><\/div>\n\n\n\n<div class=\"wp-block-file\"><a href=\"https:\/\/www.amalteacultura.com\/cartografiasdelamor\/wp-content\/uploads\/2019\/07\/CartografiasDelAmor-VOL2.pdf\">CartografiasDelAmor-VOL2<\/a><a href=\"https:\/\/www.amalteacultura.com\/cartografiasdelamor\/wp-content\/uploads\/2019\/07\/CartografiasDelAmor-VOL2.pdf\" class=\"wp-block-file__button\" download>Descarga<\/a><\/div>\n\n\n\n<p>Escribir palabras amorosas, invocando la presencia de alguien que quiz\u00e1s no las lea, es un abrazo a una de las islas innombradas de nuestra cartograf\u00eda emocional.<\/p>\n\n\n\n<p>Escribir una carta de amor es, tambi\u00e9n, desnudarse frente al espejo de emociones sofocadas por palabras que perturban.<\/p>\n\n\n\n<p>El segundo volumen de Cartograf\u00edas del amor es un viaje, inici\u00e1tico tal vez, para reconocer el espejo que aguarda en la semilla de toda relaci\u00f3n. <\/p>\n\n\n\n<p>Para recordar el abrazo de dos miradas fugaces que surcan el cosmos dejando una huella insondable.<\/p>\n\n\n\n<p>Un abrazo es la posibilidad de espejarse en la piel, en las pupilas, de quienes se abren como bah\u00eda y se recogen en la intimidad c\u00f3ncava de un presente trasl\u00facido.<\/p>\n\n\n\n<p>Un espejo es la membrana pulida que devuelve el eco de nuestra sombra tr\u00e9mula gracias a la c\u00f3mplice presencia de quien trenza latidos.<\/p>\n\n\n\n<p>Esta noche, en la que la luz y la oscuridad se asemejan sin disputa, Selene espl\u00e9ndida nos susurra que \u201cel caminito de plata\u201d, como la llamaban los pescadores oce\u00e1nicos, es el mismo que el del Mar de las mil especias.<\/p>\n\n\n\n<p>Nos recuerda que los reflejos de luz, sin el b\u00e1lsamo de la piel que cobija, no son m\u00e1s efem\u00e9rides ef\u00edmeras.<\/p>\n\n\n\n<p><strong>Carmen<\/strong><\/p>\n","protected":false},"excerpt":{"rendered":"<p class=\"text-justify\">Escribir palabras amorosas, invocando la presencia de alguien que quiz\u00e1s no las lea, es un abrazo a una de las islas innombradas [&hellip;]<\/p>\n","protected":false},"author":1,"featured_media":0,"parent":0,"menu_order":0,"comment_status":"closed","ping_status":"closed","template":"","meta":{"footnotes":""},"class_list":["post-323","page","type-page","status-publish","hentry"],"jetpack_sharing_enabled":true,"_links":{"self":[{"href":"https:\/\/cartografiasdelamor.com\/web\/wp-json\/wp\/v2\/pages\/323","targetHints":{"allow":["GET"]}}],"collection":[{"href":"https:\/\/cartografiasdelamor.com\/web\/wp-json\/wp\/v2\/pages"}],"about":[{"href":"https:\/\/cartografiasdelamor.com\/web\/wp-json\/wp\/v2\/types\/page"}],"author":[{"embeddable":true,"href":"https:\/\/cartografiasdelamor.com\/web\/wp-json\/wp\/v2\/users\/1"}],"replies":[{"embeddable":true,"href":"https:\/\/cartografiasdelamor.com\/web\/wp-json\/wp\/v2\/comments?post=323"}],"version-history":[{"count":2,"href":"https:\/\/cartografiasdelamor.com\/web\/wp-json\/wp\/v2\/pages\/323\/revisions"}],"predecessor-version":[{"id":419,"href":"https:\/\/cartografiasdelamor.com\/web\/wp-json\/wp\/v2\/pages\/323\/revisions\/419"}],"wp:attachment":[{"href":"https:\/\/cartografiasdelamor.com\/web\/wp-json\/wp\/v2\/media?parent=323"}],"curies":[{"name":"wp","href":"https:\/\/api.w.org\/{rel}","templated":true}]}}