{"id":424,"date":"2019-07-30T09:32:34","date_gmt":"2019-07-30T07:32:34","guid":{"rendered":"https:\/\/www.amalteacultura.com\/cartografiasdelamor\/?page_id=424"},"modified":"2019-07-30T09:32:34","modified_gmt":"2019-07-30T07:32:34","slug":"volumen-3","status":"publish","type":"page","link":"https:\/\/cartografiasdelamor.com\/web\/volumen-3\/","title":{"rendered":"Volumen 3"},"content":{"rendered":"\n<div class=\"wp-block-cover has-background-dim\" style=\"background-image:url(https:\/\/www.amalteacultura.com\/cartografiasdelamor\/wp-content\/uploads\/2019\/05\/vol3.png)\"><div class=\"wp-block-cover__inner-container is-layout-flow wp-block-cover-is-layout-flow\">\n<p style=\"text-align:center\" class=\"has-large-font-size\"><\/p>\n<\/div><\/div>\n\n\n\n<div class=\"wp-block-file\"><a href=\"https:\/\/www.amalteacultura.com\/cartografiasdelamor\/wp-content\/uploads\/2019\/05\/CartografiesDeLAmor-VOL3.pdf\">CartografiesDeLAmor-VOL3<\/a><a href=\"https:\/\/www.amalteacultura.com\/cartografiasdelamor\/wp-content\/uploads\/2019\/05\/CartografiesDeLAmor-VOL3.pdf\" class=\"wp-block-file__button\" download>Descarga<\/a><\/div>\n\n\n\n<p>Les textures de les paraules d\u2019amor s\u00f3n misteris que nom\u00e9s es revelen quan brollen les mem\u00f2ries del cos, o quan el cor s\u2019obre de bat a bat en un silenci tradu\u00eft en batecs inaudibles.<br>\nPotser tenen la textura de seda del fil de sutura que sargeix les ferides de tants mots mai pronunciats, o dels escopits com llances.<br>\nTal vegada ressonen en l\u2019agredol\u00e7 dels impl\u00edcits muts que, com llavors per classificar, guaiten una primavera imprevista per germinar a la cova del drac atemorit.<\/p>\n\n\n\n<p>Tal volta capgiren el perfum de l\u2019orografia de la pell que muta al llarg dels cicles de la vida.<br>\nPotser dibuixen les urpades indolents dels seients de v\u00edmet on les dones de nissagues eternes explicaven somnis ocults disfressats de rondalles.<br>\nQui sap si per acotxar l\u2019enyor no hi ha cap car\u00edcia com la del cot\u00f3 que neix a les riberes del gran riu del desert.<br>\nFins i tot, potser que escriure paraules d\u2019amor sigui un viatge d\u2019anada a territoris somniats i amb cartografies per desxifrar.<\/p>\n\n\n\n<p>Sant Jordi, 2019<\/p>\n\n\n\n<p><strong>Carmen<\/strong><\/p>\n","protected":false},"excerpt":{"rendered":"<p class=\"text-justify\">Les textures de les paraules d\u2019amor s\u00f3n misteris que nom\u00e9s es revelen quan brollen les mem\u00f2ries del cos, o quan el cor [&hellip;]<\/p>\n","protected":false},"author":1,"featured_media":0,"parent":0,"menu_order":0,"comment_status":"closed","ping_status":"closed","template":"","meta":{"footnotes":""},"class_list":["post-424","page","type-page","status-publish","hentry"],"jetpack_sharing_enabled":true,"_links":{"self":[{"href":"https:\/\/cartografiasdelamor.com\/web\/wp-json\/wp\/v2\/pages\/424","targetHints":{"allow":["GET"]}}],"collection":[{"href":"https:\/\/cartografiasdelamor.com\/web\/wp-json\/wp\/v2\/pages"}],"about":[{"href":"https:\/\/cartografiasdelamor.com\/web\/wp-json\/wp\/v2\/types\/page"}],"author":[{"embeddable":true,"href":"https:\/\/cartografiasdelamor.com\/web\/wp-json\/wp\/v2\/users\/1"}],"replies":[{"embeddable":true,"href":"https:\/\/cartografiasdelamor.com\/web\/wp-json\/wp\/v2\/comments?post=424"}],"version-history":[{"count":1,"href":"https:\/\/cartografiasdelamor.com\/web\/wp-json\/wp\/v2\/pages\/424\/revisions"}],"predecessor-version":[{"id":425,"href":"https:\/\/cartografiasdelamor.com\/web\/wp-json\/wp\/v2\/pages\/424\/revisions\/425"}],"wp:attachment":[{"href":"https:\/\/cartografiasdelamor.com\/web\/wp-json\/wp\/v2\/media?parent=424"}],"curies":[{"name":"wp","href":"https:\/\/api.w.org\/{rel}","templated":true}]}}