{"id":429,"date":"2019-07-30T09:37:35","date_gmt":"2019-07-30T07:37:35","guid":{"rendered":"https:\/\/www.amalteacultura.com\/cartografiasdelamor\/?page_id=429"},"modified":"2019-07-30T09:37:35","modified_gmt":"2019-07-30T07:37:35","slug":"volumen-5","status":"publish","type":"page","link":"https:\/\/cartografiasdelamor.com\/web\/volumen-5\/","title":{"rendered":"Volumen 5"},"content":{"rendered":"\n<div class=\"wp-block-cover has-background-dim\" style=\"background-image:url(https:\/\/www.amalteacultura.com\/cartografiasdelamor\/wp-content\/uploads\/2019\/06\/vol5.png)\"><div class=\"wp-block-cover__inner-container is-layout-flow wp-block-cover-is-layout-flow\">\n<p style=\"text-align:center\" class=\"has-large-font-size\"><\/p>\n<\/div><\/div>\n\n\n\n<div class=\"wp-block-file\"><a href=\"https:\/\/www.amalteacultura.com\/cartografiasdelamor\/wp-content\/uploads\/2019\/07\/CartografiasDelAmor-VOL5.pdf\">CartografiasDelAmor-VOL5<\/a><a href=\"https:\/\/www.amalteacultura.com\/cartografiasdelamor\/wp-content\/uploads\/2019\/07\/CartografiasDelAmor-VOL5.pdf\" class=\"wp-block-file__button\" download>Descarga<\/a><\/div>\n\n\n\n<p> Escribir del amor desde el amor, qu\u00e9 tremenda oportunidad para  aventurarse m\u00e1s all\u00e1 de las predicciones y releer las experiencias  \u00edntimas desde el calidoscopio de nuestras dudas.<br> Escribir cartas de  amor es un reto \u00edntimo con una proyecci\u00f3n imprevisible. La tentaci\u00f3n de  recrear los momentos sublimes de una relaci\u00f3n puede ser tan grande como  desalentadora.<br> El amor germina en los hilos invisibles con los que trenzamos nuestros v\u00ednculos.<br>  El amor crece en lo min\u00fasculo, en las estructuras m\u00ednimas, en los  hechos nimios, en los instantes inocuos, en los encuentros  desapercibidos.<br> El amor se nutre con el sonido de las voces que se  entrelazan, con danza de los cuerpos en la coreograf\u00eda de las esferas,  con la proyecci\u00f3n de las manos abiertas, con el silencio sin prisa de la  semilla que ignora el ruido de urgencias ficticias.<br> El amor tal vez sea una fuerza primigenia que nos gu\u00eda hacia espacios desatendidos en los que hibernan miedos postergados.<br> Escribir sobre el amor desde el amor es un b\u00e1lsamo para heridas ignoradas, dice una de las coautoras de Cartograf\u00edas de amor\u2026<br> Que as\u00ed sea.<br> Que as\u00ed siga\u2026<\/p>\n\n\n\n<p><strong> Carmen<\/strong><\/p>\n","protected":false},"excerpt":{"rendered":"<p class=\"text-justify\">Escribir del amor desde el amor, qu\u00e9 tremenda oportunidad para aventurarse m\u00e1s all\u00e1 de las predicciones y releer las experiencias \u00edntimas desde [&hellip;]<\/p>\n","protected":false},"author":1,"featured_media":0,"parent":0,"menu_order":0,"comment_status":"closed","ping_status":"closed","template":"","meta":{"footnotes":""},"class_list":["post-429","page","type-page","status-publish","hentry"],"jetpack_sharing_enabled":true,"_links":{"self":[{"href":"https:\/\/cartografiasdelamor.com\/web\/wp-json\/wp\/v2\/pages\/429","targetHints":{"allow":["GET"]}}],"collection":[{"href":"https:\/\/cartografiasdelamor.com\/web\/wp-json\/wp\/v2\/pages"}],"about":[{"href":"https:\/\/cartografiasdelamor.com\/web\/wp-json\/wp\/v2\/types\/page"}],"author":[{"embeddable":true,"href":"https:\/\/cartografiasdelamor.com\/web\/wp-json\/wp\/v2\/users\/1"}],"replies":[{"embeddable":true,"href":"https:\/\/cartografiasdelamor.com\/web\/wp-json\/wp\/v2\/comments?post=429"}],"version-history":[{"count":1,"href":"https:\/\/cartografiasdelamor.com\/web\/wp-json\/wp\/v2\/pages\/429\/revisions"}],"predecessor-version":[{"id":430,"href":"https:\/\/cartografiasdelamor.com\/web\/wp-json\/wp\/v2\/pages\/429\/revisions\/430"}],"wp:attachment":[{"href":"https:\/\/cartografiasdelamor.com\/web\/wp-json\/wp\/v2\/media?parent=429"}],"curies":[{"name":"wp","href":"https:\/\/api.w.org\/{rel}","templated":true}]}}