{"id":788,"date":"2020-04-25T15:02:06","date_gmt":"2020-04-25T13:02:06","guid":{"rendered":"https:\/\/cartografiasdelamor.com\/web\/?page_id=788"},"modified":"2020-04-25T15:07:38","modified_gmt":"2020-04-25T13:07:38","slug":"ze","status":"publish","type":"page","link":"https:\/\/cartografiasdelamor.com\/web\/ze\/","title":{"rendered":"z\u00e9"},"content":{"rendered":"\n<div class=\"wp-block-file\"><a href=\"https:\/\/cartografiasdelamor.com\/web\/wp-content\/uploads\/2020\/04\/Z\u00e9.-12-relatos-n\u00f3madas.pdf\">Z\u00e9.-12-relatos-n\u00f3madas<\/a><a href=\"https:\/\/cartografiasdelamor.com\/web\/wp-content\/uploads\/2020\/04\/Z\u00e9.-12-relatos-n\u00f3madas.pdf\" class=\"wp-block-file__button\" download>Descarga<\/a><\/div>\n\n\n\n<p>Feliz vida de los libros, de los rosas, de las palabras, de las historias.<br>Os presentamos a Z\u00e9.<\/p>\n\n\n\n<p>Con Z\u00e9 se inicia una singladura de peque\u00f1os artefactos que recoger\u00e1n las experiencias que nos salen al encuentro en el devenir de #aulasn\u00f3madas.<\/p>\n\n\n\n<p>Experiencias que nos han impregnado la piel sin remedio ni cura posible.<\/p>\n\n\n\n<p>En Z\u00e9 se esconden doce diminutas historias que albergan un universo de emociones. Met\u00e1foras con velos m\u00edticos para mostrar que nada humano nos es ajeno. Qui\u00e9n, en alg\u00fan momento, no ha conocido a Rea, obligada a la renuncia radical, o ha o\u00eddo hablar de alguien tan vengativo como Hefesto, o se ha cruzado con un ciclope enamorado, o se ha sentido Quir\u00f3n con la imposibilidad de cuidar de s\u00ed, o se ha reconocido en la piel de las mujeres que cruzaron la l\u00ednea carmes\u00ed. Mostrar sin citar, sugerir para evitar la huida.<\/p>\n\n\n\n<p>Z\u00e9 es una senda que se puede leer linealmente, o elegir un n\u00famero al azar. No hay respuestas ni conclusiones, s\u00f3lo caminos a los que nos podemos aventurar en soledad o compartirlos y ampliar la mirada. Cada historia est\u00e1 vinculada, sustancial o sutilmente, con las once restantes. En todas ellas hay c\u00f3digos que se har\u00e1n evidentes para quien haya vivido en esa frecuencia.<\/p>\n\n\n\n<p>\u00a1Feli\u00e7 Sant Jordi!<\/p>\n\n\n\n<p class=\"has-text-align-left\"><strong>Equipoaulasn\u00f3madas23deabril2016.<\/strong><\/p>\n","protected":false},"excerpt":{"rendered":"<p class=\"text-justify\">Feliz vida de los libros, de los rosas, de las palabras, de las historias.Os presentamos a Z\u00e9. Con Z\u00e9 se inicia una [&hellip;]<\/p>\n","protected":false},"author":1,"featured_media":792,"parent":0,"menu_order":0,"comment_status":"closed","ping_status":"closed","template":"","meta":{"footnotes":""},"class_list":["post-788","page","type-page","status-publish","has-post-thumbnail","hentry"],"jetpack_sharing_enabled":true,"_links":{"self":[{"href":"https:\/\/cartografiasdelamor.com\/web\/wp-json\/wp\/v2\/pages\/788","targetHints":{"allow":["GET"]}}],"collection":[{"href":"https:\/\/cartografiasdelamor.com\/web\/wp-json\/wp\/v2\/pages"}],"about":[{"href":"https:\/\/cartografiasdelamor.com\/web\/wp-json\/wp\/v2\/types\/page"}],"author":[{"embeddable":true,"href":"https:\/\/cartografiasdelamor.com\/web\/wp-json\/wp\/v2\/users\/1"}],"replies":[{"embeddable":true,"href":"https:\/\/cartografiasdelamor.com\/web\/wp-json\/wp\/v2\/comments?post=788"}],"version-history":[{"count":4,"href":"https:\/\/cartografiasdelamor.com\/web\/wp-json\/wp\/v2\/pages\/788\/revisions"}],"predecessor-version":[{"id":795,"href":"https:\/\/cartografiasdelamor.com\/web\/wp-json\/wp\/v2\/pages\/788\/revisions\/795"}],"wp:featuredmedia":[{"embeddable":true,"href":"https:\/\/cartografiasdelamor.com\/web\/wp-json\/wp\/v2\/media\/792"}],"wp:attachment":[{"href":"https:\/\/cartografiasdelamor.com\/web\/wp-json\/wp\/v2\/media?parent=788"}],"curies":[{"name":"wp","href":"https:\/\/api.w.org\/{rel}","templated":true}]}}